{"id":83,"date":"2024-01-02T12:48:28","date_gmt":"2024-01-02T11:48:28","guid":{"rendered":"https:\/\/labullesociale.fr\/?page_id=83"},"modified":"2025-05-12T12:22:00","modified_gmt":"2025-05-12T10:22:00","slug":"accueil","status":"publish","type":"page","link":"https:\/\/labullesociale.fr\/","title":{"rendered":""},"content":{"rendered":"\n<div class=\"wp-block-cover alignwide has-larger-font-size wp-duotone-unset-1\" style=\"text-transform:none\"><img loading=\"lazy\" decoding=\"async\" width=\"2560\" height=\"1707\" class=\"wp-block-cover__image-background wp-image-92 size-full\" alt=\"\" src=\"https:\/\/labullesociale.fr\/wp-content\/uploads\/2024\/01\/pexels-george-milton-7014337-scaled.jpg\" style=\"object-position:49% 51%\" data-object-fit=\"cover\" data-object-position=\"49% 51%\" srcset=\"https:\/\/labullesociale.fr\/wp-content\/uploads\/2024\/01\/pexels-george-milton-7014337-scaled.jpg 2560w, https:\/\/labullesociale.fr\/wp-content\/uploads\/2024\/01\/pexels-george-milton-7014337-300x200.jpg 300w, https:\/\/labullesociale.fr\/wp-content\/uploads\/2024\/01\/pexels-george-milton-7014337-1024x683.jpg 1024w, https:\/\/labullesociale.fr\/wp-content\/uploads\/2024\/01\/pexels-george-milton-7014337-768x512.jpg 768w, https:\/\/labullesociale.fr\/wp-content\/uploads\/2024\/01\/pexels-george-milton-7014337-1536x1024.jpg 1536w, https:\/\/labullesociale.fr\/wp-content\/uploads\/2024\/01\/pexels-george-milton-7014337-2048x1365.jpg 2048w, https:\/\/labullesociale.fr\/wp-content\/uploads\/2024\/01\/pexels-george-milton-7014337-1200x800.jpg 1200w\" sizes=\"auto, (max-width: 2560px) 100vw, 2560px\" \/><span aria-hidden=\"true\" class=\"wp-block-cover__background has-background-dim-40 has-background-dim\"><\/span><div class=\"wp-block-cover__inner-container is-layout-flow wp-block-cover-is-layout-flow\">\n<h2 class=\"wp-block-heading has-text-align-center\" style=\"font-size:37px\"><strong><em><mark style=\"background-color:rgba(0, 0, 0, 0)\" class=\"has-inline-color has-background-color\">Bienvenue dans la Bulle Sociale <\/mark><\/em><\/strong><\/h2>\n<\/div><\/div>\n\n\n\n<h3 class=\"wp-block-heading has-text-align-center\"><strong>Accompagnement Social 2.0<\/strong><\/h3>\n\n\n\n<hr class=\"wp-block-separator has-alpha-channel-opacity\"\/>\n\n\n\n<h2 class=\"wp-block-heading has-text-align-center has-larger-font-size\">Un accompagnement social humain, accessible et sans d\u00e9lai<\/h2>\n\n\n\n<p class=\"has-text-align-center has-normal-font-size\"><em>Assistante sociale ind\u00e9pendante \u00e0 vos c\u00f4t\u00e9s, o\u00f9 que vous soyez.<\/em><\/p>\n\n\n\n<div class=\"wp-block-columns is-layout-flex wp-container-core-columns-is-layout-9d6595d7 wp-block-columns-is-layout-flex\">\n<div class=\"wp-block-column is-layout-flow wp-block-column-is-layout-flow\" style=\"flex-basis:33.33%\">\n<p class=\"has-text-align-right\" style=\"font-size:38px\">\ud83d\udc49\ud83c\udffb<\/p>\n<\/div>\n\n\n\n<div class=\"wp-block-column is-layout-flow wp-block-column-is-layout-flow\" style=\"flex-basis:66.66%\">\n<div class=\"wp-block-buttons is-layout-flex wp-block-buttons-is-layout-flex\">\n<div class=\"wp-block-button\"><a class=\"wp-block-button__link wp-element-button\" href=\"https:\/\/calendly.com\/coralie-ass-liberale\/entretien-decouverte\"><strong>R\u00e9server un appel d\u00e9couverte gratuit<\/strong><\/a><\/div>\n<\/div>\n<\/div>\n<\/div>\n\n\n\n<p>Bonjour et bienvenue,<br><br>Je m\u2019appelle D&#8217;aguano Coralie, je suis assistante sociale dipl\u00f4m\u00e9e d\u2019\u00c9tat, avec plusieurs ann\u00e9es d\u2019exp\u00e9rience dans le service public.<br>Aujourd\u2019hui, j\u2019exerce en lib\u00e9ral pour proposer un accompagnement <strong>plus humain, r\u00e9actif et personnalis\u00e9<\/strong>, en distanciel.<\/p>\n\n\n\n<p>Mon approche : <strong>\u00e9coute, bienveillance, clart\u00e9.<\/strong><br>Mon objectif : vous aider \u00e0 <strong>reprendre confiance, retrouver vos droits, ou simplement souffler un peu.<\/strong><\/p>\n\n\n\n<h3 class=\"wp-block-heading has-large-font-size\"><strong>Pourquoi faire appel \u00e0 moi ? <\/strong><\/h3>\n\n\n\n<ul class=\"wp-block-list\">\n<li>\u2705 <strong>Pas de d\u00e9lai d\u2019attente<\/strong> : vous avez besoin d\u2019aide maintenant, pas dans 3 mois.<\/li>\n\n\n\n<li>\ud83d\udcac <strong>\u00c9coute personnalis\u00e9e<\/strong> : chaque parcours est unique, chaque \u00e9change est sur-mesure.<\/li>\n\n\n\n<li>\ud83d\udc69\ud83c\udffb\u200d\ud83d\udcbb<strong>Un Interlocuteur privil\u00e9gi\u00e9<\/strong> : je ferais le lien entre les diff\u00e9rents organismes.<\/li>\n\n\n\n<li>\ud83d\udcc4 <strong>D\u00e9marches simplifi\u00e9es<\/strong> : je vous aide \u00e0 remplir, comprendre et avancer.<\/li>\n\n\n\n<li>\ud83d\udd12 <strong>Respect et confidentialit\u00e9<\/strong> : ici, pas de jugement, tout reste entre nous.<\/li>\n<\/ul>\n\n\n\n<div class=\"wp-block-columns is-layout-flex wp-container-core-columns-is-layout-9d6595d7 wp-block-columns-is-layout-flex\">\n<div class=\"wp-block-column is-layout-flow wp-block-column-is-layout-flow\" style=\"flex-basis:33.33%\">\n<p class=\"has-text-align-right\" style=\"font-size:42px\">\ud83d\udc49\ud83c\udffb<\/p>\n<\/div>\n\n\n\n<div class=\"wp-block-column is-layout-flow wp-block-column-is-layout-flow\" style=\"flex-basis:66.66%\">\n<div class=\"wp-block-buttons is-layout-flex wp-block-buttons-is-layout-flex\">\n<div class=\"wp-block-button\"><a class=\"wp-block-button__link wp-element-button\" href=\"https:\/\/labullesociale.fr\/index.php\/services\/\">D\u00e9couvrir mes services<\/a><\/div>\n<\/div>\n<\/div>\n<\/div>\n\n\n\n<h2 class=\"wp-block-heading has-large-font-size\">Comment \u00e7a marche ?<\/h2>\n\n\n\n<h2 class=\"wp-block-heading has-normal-font-size\">Un accompagnement en 3 \u00e9tapes simples :<\/h2>\n\n\n\n<ol class=\"wp-block-list\">\n<li><strong>Un appel d\u00e9couverte gratuit<\/strong> pour faire l\u2019\u00e9tat des lieux de la situation<\/li>\n\n\n\n<li><strong>Un accompagnement adapt\u00e9 \u00e0 votre situation<\/strong>, sans engagement<\/li>\n\n\n\n<li><strong>Des \u00e9changes \u00e0 distance (t\u00e9l\u00e9phone ou visio)<\/strong> ou en pr\u00e9sentiel selon votre lieu de vie<\/li>\n<\/ol>\n\n\n\n<div class=\"wp-block-columns is-layout-flex wp-container-core-columns-is-layout-9d6595d7 wp-block-columns-is-layout-flex\">\n<div class=\"wp-block-column is-layout-flow wp-block-column-is-layout-flow\" style=\"flex-basis:33.33%\">\n<p class=\"has-text-align-right\" style=\"font-size:46px\">\ud83d\udc49\ud83c\udffb<\/p>\n<\/div>\n\n\n\n<div class=\"wp-block-column is-layout-flow wp-block-column-is-layout-flow\" style=\"flex-basis:66.66%\">\n<div class=\"wp-block-buttons is-layout-flex wp-block-buttons-is-layout-flex\">\n<div class=\"wp-block-button\"><a class=\"wp-block-button__link wp-element-button\" href=\"https:\/\/labullesociale.fr\/index.php\/tarifs\/\">Voir les modalit\u00e9s et tarifs<\/a><\/div>\n<\/div>\n<\/div>\n<\/div>\n\n\n\n<blockquote class=\"wp-block-quote is-style-default is-layout-flow wp-block-quote-is-layout-flow\">\n<figure class=\"wp-block-pullquote has-accent-color has-text-color has-link-color wp-elements-2e9a6149054e30f1bd8091f66323febe\" style=\"font-size:23px\"><blockquote><p>&#8220;Accompagner quelqu&#8217;un, c&#8217;est se placer ni devant, ni derri\u00e8re, ni \u00e0 la place. C&#8217;est \u00eatre \u00e0 c\u00f4t\u00e9.&#8221;<\/p><cite>Joseph Templier<\/cite><\/blockquote><\/figure>\n<\/blockquote>\n\n\n\n<div class=\"wp-block-columns are-vertically-aligned-center is-layout-flex wp-container-core-columns-is-layout-9d6595d7 wp-block-columns-is-layout-flex\">\n<div class=\"wp-block-column is-vertically-aligned-center is-layout-flow wp-block-column-is-layout-flow\">\n<p class=\"has-text-align-right\" style=\"font-size:30px\">\ud83d\udcde<\/p>\n<\/div>\n\n\n\n<div class=\"wp-block-column is-vertically-aligned-center is-layout-flow wp-block-column-is-layout-flow\">\n<div class=\"wp-block-buttons is-layout-flex wp-block-buttons-is-layout-flex\">\n<div class=\"wp-block-button\"><a class=\"wp-block-button__link wp-element-button\">R\u00e9server un appel<\/a><\/div>\n<\/div>\n<\/div>\n\n\n\n<div class=\"wp-block-column is-vertically-aligned-center is-layout-flow wp-block-column-is-layout-flow\">\n<p class=\"has-text-align-left\" style=\"font-size:15px\">\ud83d\udce7contact@labullesociale.fr<\/p>\n<\/div>\n<\/div>\n\n\n\n<p class=\"has-small-font-size\"><\/p>\n","protected":false},"excerpt":{"rendered":"<p>Accompagnement Social 2.0 Un accompagnement social humain, accessible et sans d\u00e9lai Assistante sociale ind\u00e9pendante \u00e0 vos c\u00f4t\u00e9s, o\u00f9 que vous soyez. \ud83d\udc49\ud83c\udffb Bonjour et bienvenue, Je m\u2019appelle D&#8217;aguano Coralie, je suis assistante sociale dipl\u00f4m\u00e9e d\u2019\u00c9tat, avec plusieurs ann\u00e9es d\u2019exp\u00e9rience dans le service public.Aujourd\u2019hui, j\u2019exerce en lib\u00e9ral pour proposer un accompagnement plus humain, r\u00e9actif et personnalis\u00e9, [&hellip;]<\/p>\n","protected":false},"author":1,"featured_media":0,"parent":0,"menu_order":0,"comment_status":"closed","ping_status":"closed","template":"","meta":{"footnotes":""},"class_list":["post-83","page","type-page","status-publish","hentry"],"_links":{"self":[{"href":"https:\/\/labullesociale.fr\/index.php\/wp-json\/wp\/v2\/pages\/83","targetHints":{"allow":["GET"]}}],"collection":[{"href":"https:\/\/labullesociale.fr\/index.php\/wp-json\/wp\/v2\/pages"}],"about":[{"href":"https:\/\/labullesociale.fr\/index.php\/wp-json\/wp\/v2\/types\/page"}],"author":[{"embeddable":true,"href":"https:\/\/labullesociale.fr\/index.php\/wp-json\/wp\/v2\/users\/1"}],"replies":[{"embeddable":true,"href":"https:\/\/labullesociale.fr\/index.php\/wp-json\/wp\/v2\/comments?post=83"}],"version-history":[{"count":24,"href":"https:\/\/labullesociale.fr\/index.php\/wp-json\/wp\/v2\/pages\/83\/revisions"}],"predecessor-version":[{"id":150,"href":"https:\/\/labullesociale.fr\/index.php\/wp-json\/wp\/v2\/pages\/83\/revisions\/150"}],"wp:attachment":[{"href":"https:\/\/labullesociale.fr\/index.php\/wp-json\/wp\/v2\/media?parent=83"}],"curies":[{"name":"wp","href":"https:\/\/api.w.org\/{rel}","templated":true}]}}