{"id":27,"date":"2023-09-07T12:01:27","date_gmt":"2023-09-07T10:01:27","guid":{"rendered":"https:\/\/labullesociale.fr\/?page_id=27"},"modified":"2025-06-04T17:06:17","modified_gmt":"2025-06-04T15:06:17","slug":"pour-les-particuliers","status":"publish","type":"page","link":"https:\/\/labullesociale.fr\/index.php\/tarifs\/pour-les-particuliers\/","title":{"rendered":"Pour les Particuliers"},"content":{"rendered":"\n<hr class=\"wp-block-separator has-alpha-channel-opacity\"\/>\n\n\n\n<h2 class=\"wp-block-heading has-larger-font-size\">\ud83d\udcbc <em>Accompagnement social personnalis\u00e9 \u2013 La Bulle Sociale<\/em><\/h2>\n\n\n\n<h3 class=\"wp-block-heading has-larger-font-size\">\ud83d\udcde 1. L\u2019appel d\u00e9couverte \u2013 <strong>Gratuit (30 min)<\/strong><\/h3>\n\n\n\n<p>Un \u00e9change t\u00e9l\u00e9phonique ou visio pour :<\/p>\n\n\n\n<ul class=\"wp-block-list\">\n<li>Comprendre votre situation globale<\/li>\n\n\n\n<li>Identifier vos besoins prioritaires<\/li>\n\n\n\n<li>Voir si un accompagnement est possible ensemble<\/li>\n<\/ul>\n\n\n\n<p>\u27a1\ufe0f Sans engagement \u2013 cet appel ne remplace pas un accompagnement.<\/p>\n\n\n\n<hr class=\"wp-block-separator has-alpha-channel-opacity\"\/>\n\n\n\n<h3 class=\"wp-block-heading has-larger-font-size\">\ud83d\udc65 2. Diagnostic social personnalis\u00e9 (50\u202f\u20ac &#8211; un entretien de +\/- 1h) <\/h3>\n\n\n\n<p class=\"has-large-font-size\"><strong>Information, conseil et orientation<\/strong><\/p>\n\n\n\n<ul class=\"wp-block-list\">\n<li>Un moment 100% d\u00e9di\u00e9 \u00e0 votre situation pour faire le point, clarifier votre situation et repartir avec des pistes concr\u00e8tes.<\/li>\n\n\n\n<li>Faire le point sur votre situation administrative, sociale et personnelle<\/li>\n\n\n\n<li>Vous aider \u00e0 prendre une d\u00e9cision \u00e9clair\u00e9e (recours, dossier, projet, etc.)<\/li>\n<\/ul>\n\n\n\n<p>\u27a1\ufe0f Vous repartez avec un compte-rendu synth\u00e9tique de l\u2019entretien.<\/p>\n\n\n\n<hr class=\"wp-block-separator has-alpha-channel-opacity\"\/>\n\n\n\n<h3 class=\"wp-block-heading has-larger-font-size\">\ud83d\udee0\ufe0f 3. L\u2019accompagnement sur mesure (45\u20ac\/heure)<\/h3>\n\n\n\n<p class=\"has-large-font-size\"><strong>Nombre de session \u00e0 d\u00e9terminer selon la situation et les besoins <\/strong><\/p>\n\n\n\n<p>Un suivi plus complet, pour avancer pas \u00e0 pas :<\/p>\n\n\n\n<ul class=\"wp-block-list\">\n<li>\u00c9valuation sociale + plan d\u2019action<\/li>\n\n\n\n<li> On construit un plan d\u2019action ensemble, je vous aide \u00e0 g\u00e9rer vos d\u00e9marches pas \u00e0 pas, et je reste disponible pour vous sur la dur\u00e9e.<\/li>\n\n\n\n<li>R\u00e9daction de courriers, soutien dans les recours, organisation de la vie quotidienne<\/li>\n\n\n\n<li>C\u2019est un vrai suivi sur mesure avec des points r\u00e9guliers, selon vos besoins<\/li>\n<\/ul>\n\n\n\n<p>\u27a1\ufe0f Pour Tous, famille, proches aidants, personnes en situation de handicap ou en transition sociale<\/p>\n\n\n\n<p>\u2705<strong>Devis gratuit et ajust\u00e9<\/strong> \u00e0 votre demande.<\/p>\n\n\n\n<hr class=\"wp-block-separator has-alpha-channel-opacity\"\/>\n\n\n\n<p class=\"has-larger-font-size\">\ud83d\udce9<strong>Option Post Accompagnement :<\/strong><\/p>\n\n\n\n<p><strong><em>Suivi de vos d\u00e9marches, relance des organismes, lien r\u00e9gulier avec vous et les partenaires<\/em><\/strong> (1 mois : 50\u20ac, 2 mois : 80\u20ac, 3 mois : 115\u20ac, 6 mois : 200\u20ac, 1 an : 400\u20ac)<\/p>\n\n\n\n<hr class=\"wp-block-separator has-alpha-channel-opacity\"\/>\n\n\n\n<h3 class=\"wp-block-heading\">\ud83d\udca1 Ce que je vous apporte<\/h3>\n\n\n\n<ul class=\"wp-block-list\">\n<li>Une \u00e9coute bienveillante <strong>et professionnelle<\/strong><\/li>\n\n\n\n<li>Une approche ind\u00e9pendante, sans d\u00e9lai d\u2019attente<\/li>\n\n\n\n<li>Une <strong>vision claire et structur\u00e9e<\/strong> de vos droits et solutions<\/li>\n\n\n\n<li>Une d\u00e9marche <strong>confidentielle<\/strong>, personnalis\u00e9e, respectueuse de votre rythme<\/li>\n<\/ul>\n\n\n\n<hr class=\"wp-block-separator has-alpha-channel-opacity\"\/>\n\n\n\n<p class=\"has-larger-font-size\"><strong><em>En R\u00e9sum\u00e9 <\/em><\/strong>:<\/p>\n\n\n\n<p>\u2705 Vous avez besoin d\u2019un coup de pouce ponctuel ? \u2192 <strong>Entretien unique \u00e0 50\u20ac<\/strong><\/p>\n\n\n\n<p>\ud83d\udd04 Besoin d\u2019un accompagnement plus global et progressif ? \u2192 <strong>Suivi personnalis\u00e9 \u00e0 partir de 45\u20ac\/l&#8217;heure<\/strong><\/p>\n\n\n\n<p>\ud83c\udfaf Chaque situation \u00e9tant unique, je r\u00e9alise un <strong>devis gratuit et ajust\u00e9<\/strong> \u00e0 votre demande.<\/p>\n\n\n\n<h3 class=\"wp-block-heading has-large-font-size\">\u26a0\ufe0f \u00c0 savoir :<\/h3>\n\n\n\n<p>Je m\u2019engage \u00e0 mettre <strong>tous les moyens \u00e0 votre service<\/strong>, mais je ne peux pas garantir un r\u00e9sultat (acceptation d\u2019un dossier, r\u00e9ponse d\u2019un organisme, etc.).<br>Mon r\u00f4le est <strong>de vous donner les meilleures chances de r\u00e9ussite<\/strong>, avec clart\u00e9 et honn\u00eatet\u00e9.<\/p>\n\n\n\n<hr class=\"wp-block-separator has-alpha-channel-opacity\"\/>\n\n\n\n<h3 class=\"wp-block-heading has-larger-font-size\">\ud83d\udce9 Me contacter :<\/h3>\n\n\n\n<ul class=\"wp-block-list\">\n<li>Par Messenger : <a href=\"https:\/\/www.facebook.com\/profile.php?id=61576574216700\">Facebook La Bulle Sociale<\/a><\/li>\n\n\n\n<li>Par Instagram : <a href=\"https:\/\/www.instagram.com\/labullesociale\/\">Instagram La Bulle Sociale <\/a><\/li>\n\n\n\n<li>Par mail : contact@labullesociale.fr<\/li>\n\n\n\n<li>R\u00e9server un appel d\u00e9couverte :<a href=\"https:\/\/calendly.com\/coralie-ass...\/entretien-decouverte\"> R\u00e9server un cr\u00e9neaux 30min (gratuit)<\/a><\/li>\n<\/ul>\n\n\n\n<p><\/p>\n\n\n\n<p><\/p>\n","protected":false},"excerpt":{"rendered":"<p>\ud83d\udcbc Accompagnement social personnalis\u00e9 \u2013 La Bulle Sociale \ud83d\udcde 1. L\u2019appel d\u00e9couverte \u2013 Gratuit (30 min) Un \u00e9change t\u00e9l\u00e9phonique ou visio pour : \u27a1\ufe0f Sans engagement \u2013 cet appel ne remplace pas un accompagnement. \ud83d\udc65 2. Diagnostic social personnalis\u00e9 (50\u202f\u20ac &#8211; un entretien de +\/- 1h) Information, conseil et orientation \u27a1\ufe0f Vous repartez avec un [&hellip;]<\/p>\n","protected":false},"author":1,"featured_media":0,"parent":15,"menu_order":0,"comment_status":"closed","ping_status":"closed","template":"","meta":{"footnotes":""},"class_list":["post-27","page","type-page","status-publish","hentry"],"_links":{"self":[{"href":"https:\/\/labullesociale.fr\/index.php\/wp-json\/wp\/v2\/pages\/27","targetHints":{"allow":["GET"]}}],"collection":[{"href":"https:\/\/labullesociale.fr\/index.php\/wp-json\/wp\/v2\/pages"}],"about":[{"href":"https:\/\/labullesociale.fr\/index.php\/wp-json\/wp\/v2\/types\/page"}],"author":[{"embeddable":true,"href":"https:\/\/labullesociale.fr\/index.php\/wp-json\/wp\/v2\/users\/1"}],"replies":[{"embeddable":true,"href":"https:\/\/labullesociale.fr\/index.php\/wp-json\/wp\/v2\/comments?post=27"}],"version-history":[{"count":7,"href":"https:\/\/labullesociale.fr\/index.php\/wp-json\/wp\/v2\/pages\/27\/revisions"}],"predecessor-version":[{"id":169,"href":"https:\/\/labullesociale.fr\/index.php\/wp-json\/wp\/v2\/pages\/27\/revisions\/169"}],"up":[{"embeddable":true,"href":"https:\/\/labullesociale.fr\/index.php\/wp-json\/wp\/v2\/pages\/15"}],"wp:attachment":[{"href":"https:\/\/labullesociale.fr\/index.php\/wp-json\/wp\/v2\/media?parent=27"}],"curies":[{"name":"wp","href":"https:\/\/api.w.org\/{rel}","templated":true}]}}