{"id":159,"date":"2025-06-02T14:15:31","date_gmt":"2025-06-02T12:15:31","guid":{"rendered":"https:\/\/labullesociale.fr\/?page_id=159"},"modified":"2025-06-04T03:42:39","modified_gmt":"2025-06-04T01:42:39","slug":"f-a-q","status":"publish","type":"page","link":"https:\/\/labullesociale.fr\/index.php\/f-a-q\/","title":{"rendered":"F.A.Q"},"content":{"rendered":"\n<p class=\"has-larger-font-size\">\ud83d\udcac <strong>FAQ \u2013 La Bulle Sociale<\/strong><\/p>\n\n\n\n<p><em>Assistante sociale ind\u00e9pendante<\/em><\/p>\n\n\n\n<h3 class=\"wp-block-heading\">\ud83e\udde0 \u201cC\u2019est quoi un rendez-vous individuel avec vous ?\u201d<\/h3>\n\n\n\n<p>C\u2019est un <strong>entretien d\u20191h<\/strong> en visio ou t\u00e9l\u00e9phone o\u00f9 je vous aide \u00e0 :<\/p>\n\n\n\n<ul class=\"wp-block-list\">\n<li>clarifier votre situation,<\/li>\n\n\n\n<li>comprendre vos droits,<\/li>\n\n\n\n<li>identifier des d\u00e9marches possibles,<\/li>\n\n\n\n<li>structurer un plan d\u2019action.<\/li>\n<\/ul>\n\n\n\n<p>Vous repartez avec des <strong>pistes concr\u00e8tes<\/strong>, m\u00eame si toutes les r\u00e9ponses ne peuvent pas \u00eatre donn\u00e9es sur-le-champ.<\/p>\n\n\n\n<hr class=\"wp-block-separator has-alpha-channel-opacity\"\/>\n\n\n\n<h3 class=\"wp-block-heading\">\ud83d\udcb8 \u201cCombien \u00e7a co\u00fbte ?\u201d<\/h3>\n\n\n\n<ul class=\"wp-block-list\">\n<li><strong>Entretien individuel<\/strong> : 50\u20ac<br>(one shot, bilan + conseils)<\/li>\n\n\n\n<li><strong>Suivi accompagnement personnalis\u00e9<\/strong> : devis sur mesure<br>(45\u20ac\/h base, selon dur\u00e9e et complexit\u00e9)<\/li>\n<\/ul>\n\n\n\n<p>Vous recevrez un devis clair avant tout engagement.<\/p>\n\n\n\n<hr class=\"wp-block-separator has-alpha-channel-opacity\"\/>\n\n\n\n<h3 class=\"wp-block-heading\">\u23f3 \u201cEt si vous n\u2019avez pas la r\u00e9ponse \u00e0 ma question ?\u201d<\/h3>\n\n\n\n<p>Je suis l\u00e0 pour <strong>analyser, orienter, expliquer<\/strong>. Si une info sp\u00e9cifique n\u00e9cessite v\u00e9rification, je m&#8217;engage \u00e0 :<\/p>\n\n\n\n<blockquote class=\"wp-block-quote is-layout-flow wp-block-quote-is-layout-flow\">\n<p><em>\ud83d\udd0e Vous la transmettre rapidement apr\u00e8s le rendez-vous.<\/em><\/p>\n<\/blockquote>\n\n\n\n<p>Je travaille avec s\u00e9rieux et discr\u00e9tion \u2014 <strong>j\u2019ai une obligation de moyens, pas de r\u00e9sultats<\/strong> (comme toute profession du social).<\/p>\n\n\n\n<hr class=\"wp-block-separator has-alpha-channel-opacity\"\/>\n\n\n\n<h3 class=\"wp-block-heading\">\ud83d\udcde \u201cC\u2019est quoi l\u2019appel d\u00e9couverte ?\u201d<\/h3>\n\n\n\n<p>Un appel gratuit de 30 min pour :<\/p>\n\n\n\n<ul class=\"wp-block-list\">\n<li>faire connaissance,<\/li>\n\n\n\n<li>comprendre votre demande,<\/li>\n\n\n\n<li>voir si mon accompagnement vous correspond.<\/li>\n<\/ul>\n\n\n\n<p>Vous choisissez ensuite l\u2019offre qui vous convient.<\/p>\n\n\n\n<hr class=\"wp-block-separator has-alpha-channel-opacity\"\/>\n\n\n\n<h3 class=\"wp-block-heading\">\ud83e\udef1\ud83c\udffc\u200d\ud83e\udef2\ud83c\udffc\u201cVous faites quoi concr\u00e8tement comme accompagnement ?\u201d<\/h3>\n\n\n\n<p>Je peux vous aider sur :<\/p>\n\n\n\n<ul class=\"wp-block-list\">\n<li>les demandes MDPH, CAF, CPAM, RSA, etc.<\/li>\n\n\n\n<li>les droits en tant qu\u2019aidant\u00b7e<\/li>\n\n\n\n<li>les recours et les courriers administratifs<\/li>\n\n\n\n<li>les d\u00e9marches sociales sp\u00e9cifiques (handicap, famille, logement, isolement, sant\u00e9, emploi \u2026)<\/li>\n<\/ul>\n\n\n\n<hr class=\"wp-block-separator has-alpha-channel-opacity\"\/>\n\n\n\n<h3 class=\"wp-block-heading\">\ud83d\udce9 \u201cComment prendre RDV ?\u201d<\/h3>\n\n\n\n<p><br>\ud83d\udcc5 R\u00e9serve un appel d\u00e9couverte de 30 min (gratuit) \ud83d\udc47\ud83c\udffb <\/p>\n\n\n\n<div class=\"wp-block-buttons is-layout-flex wp-block-buttons-is-layout-flex\">\n<div class=\"wp-block-button\"><a class=\"wp-block-button__link wp-element-button\" href=\"https:\/\/calendly.com\/coralie-ass...\/entretien-decouverte\">\ud83d\udcf1APPEL DECOUVERTE<\/a><\/div>\n<\/div>\n\n\n\n<p><\/p>\n","protected":false},"excerpt":{"rendered":"<p>\ud83d\udcac FAQ \u2013 La Bulle Sociale Assistante sociale ind\u00e9pendante \ud83e\udde0 \u201cC\u2019est quoi un rendez-vous individuel avec vous ?\u201d C\u2019est un entretien d\u20191h en visio ou t\u00e9l\u00e9phone o\u00f9 je vous aide \u00e0 : Vous repartez avec des pistes concr\u00e8tes, m\u00eame si toutes les r\u00e9ponses ne peuvent pas \u00eatre donn\u00e9es sur-le-champ. \ud83d\udcb8 \u201cCombien \u00e7a co\u00fbte ?\u201d Vous [&hellip;]<\/p>\n","protected":false},"author":1,"featured_media":0,"parent":0,"menu_order":0,"comment_status":"closed","ping_status":"closed","template":"","meta":{"footnotes":""},"class_list":["post-159","page","type-page","status-publish","hentry"],"_links":{"self":[{"href":"https:\/\/labullesociale.fr\/index.php\/wp-json\/wp\/v2\/pages\/159","targetHints":{"allow":["GET"]}}],"collection":[{"href":"https:\/\/labullesociale.fr\/index.php\/wp-json\/wp\/v2\/pages"}],"about":[{"href":"https:\/\/labullesociale.fr\/index.php\/wp-json\/wp\/v2\/types\/page"}],"author":[{"embeddable":true,"href":"https:\/\/labullesociale.fr\/index.php\/wp-json\/wp\/v2\/users\/1"}],"replies":[{"embeddable":true,"href":"https:\/\/labullesociale.fr\/index.php\/wp-json\/wp\/v2\/comments?post=159"}],"version-history":[{"count":4,"href":"https:\/\/labullesociale.fr\/index.php\/wp-json\/wp\/v2\/pages\/159\/revisions"}],"predecessor-version":[{"id":166,"href":"https:\/\/labullesociale.fr\/index.php\/wp-json\/wp\/v2\/pages\/159\/revisions\/166"}],"wp:attachment":[{"href":"https:\/\/labullesociale.fr\/index.php\/wp-json\/wp\/v2\/media?parent=159"}],"curies":[{"name":"wp","href":"https:\/\/api.w.org\/{rel}","templated":true}]}}